{"id":201,"date":"2025-01-08T14:07:08","date_gmt":"2025-01-08T12:07:08","guid":{"rendered":"https:\/\/www.lahteenaluonto.fi\/wordpress\/?post_type=product&#038;p=201"},"modified":"2026-03-22T05:28:25","modified_gmt":"2026-03-22T03:28:25","slug":"uc-ii-kollageeni-hyaluronihappo-150-g","status":"publish","type":"product","link":"https:\/\/www.lahteenaluonto.fi\/sv\/produkt\/uc-ii-kollageeni-hyaluronihappo-150-g\/","title":{"rendered":"UC-II-Kollageeni &#038; hyaluronihappo 150 g"},"content":{"rendered":"","protected":false},"excerpt":{"rendered":"<p><strong>L\u00e4hde UC-II\u00ae-Kollageeni &amp; hyaluronihappo \u00e4r en noggrant designad produkt f\u00f6r v\u00e4lbefinnande f\u00f6r leder, brosk och senor.<\/strong><\/p>\n<p>Produktens huvudstj\u00e4rna \u00e4r det patenterade UC-II\u00ae kollagenet, som \u00e4r ett kliniskt testat odenaturerat kollagen. Den dagliga dosen \u00e4r 40 mg. Inkluderar \u00e4ven hyaluronsyra och MSM, som f\u00f6rekommer naturligt i kroppen. C-vitaminet i nypon st\u00f6der kroppens naturliga kollagenbildning, och pricken \u00f6ver i:et \u00e4r gurkmeja.<\/p>","protected":false},"featured_media":202,"template":"","meta":[],"product_brand":[],"product_cat":[18],"product_tag":[],"class_list":{"0":"post-201","1":"product","2":"type-product","3":"status-publish","4":"has-post-thumbnail","6":"product_cat-hyvaa-nivelillesi","8":"entry","9":"has-media","11":"first","12":"instock","13":"taxable","14":"shipping-taxable","15":"purchasable","16":"product-type-simple","17":"col","18":"span_1_of_3","19":"owp-content-center","20":"owp-thumbs-layout-horizontal","21":"owp-btn-normal","22":"owp-tabs-layout-horizontal","23":"has-no-thumbnails"},"_links":{"self":[{"href":"https:\/\/www.lahteenaluonto.fi\/sv\/wp-json\/wp\/v2\/product\/201","targetHints":{"allow":["GET"]}}],"collection":[{"href":"https:\/\/www.lahteenaluonto.fi\/sv\/wp-json\/wp\/v2\/product"}],"about":[{"href":"https:\/\/www.lahteenaluonto.fi\/sv\/wp-json\/wp\/v2\/types\/product"}],"wp:featuredmedia":[{"embeddable":true,"href":"https:\/\/www.lahteenaluonto.fi\/sv\/wp-json\/wp\/v2\/media\/202"}],"wp:attachment":[{"href":"https:\/\/www.lahteenaluonto.fi\/sv\/wp-json\/wp\/v2\/media?parent=201"}],"wp:term":[{"taxonomy":"product_brand","embeddable":true,"href":"https:\/\/www.lahteenaluonto.fi\/sv\/wp-json\/wp\/v2\/product_brand?post=201"},{"taxonomy":"product_cat","embeddable":true,"href":"https:\/\/www.lahteenaluonto.fi\/sv\/wp-json\/wp\/v2\/product_cat?post=201"},{"taxonomy":"product_tag","embeddable":true,"href":"https:\/\/www.lahteenaluonto.fi\/sv\/wp-json\/wp\/v2\/product_tag?post=201"}],"curies":[{"name":"wp","href":"https:\/\/api.w.org\/{rel}","templated":true}]}}