{"id":195,"date":"2025-01-08T13:15:47","date_gmt":"2025-01-08T11:15:47","guid":{"rendered":"https:\/\/www.lahteenaluonto.fi\/wordpress\/?post_type=product&#038;p=195"},"modified":"2026-03-22T05:29:05","modified_gmt":"2026-03-22T03:29:05","slug":"psyllium-300-g","status":"publish","type":"product","link":"https:\/\/www.lahteenaluonto.fi\/sv\/produkt\/psyllium-300-g\/","title":{"rendered":"Psyllium 300 g"},"content":{"rendered":"","protected":false},"excerpt":{"rendered":"<p><strong>L\u00e4hde Psyllium - bra f\u00f6r din magen<\/strong><\/p>\n<p>Psylliumfiberpulver \u00e4r det torkade fr\u00f6skalet av grobladplantan. Psyllium fr\u00e4mjar normal matsm\u00e4ltning och normal tarmfunktion.<\/p>\n<p>Psyllium \u00e4r ett l\u00e4ttanv\u00e4nt fibertillskott som generellt sett \u00e4ven l\u00e4mpar sig f\u00f6r personer med k\u00e4nsliga magar. Det uppr\u00e4tth\u00e5ller en frisk tarm och fr\u00e4mjar tarmens funktion och funktion.<\/p>","protected":false},"featured_media":196,"template":"","meta":[],"product_brand":[],"product_cat":[20],"product_tag":[],"class_list":{"0":"post-195","1":"product","2":"type-product","3":"status-publish","4":"has-post-thumbnail","6":"product_cat-hyvaa-vatsallesi","8":"entry","9":"has-media","11":"first","12":"instock","13":"taxable","14":"shipping-taxable","15":"purchasable","16":"product-type-simple","17":"col","18":"span_1_of_3","19":"owp-content-center","20":"owp-thumbs-layout-horizontal","21":"owp-btn-normal","22":"owp-tabs-layout-horizontal","23":"has-no-thumbnails"},"_links":{"self":[{"href":"https:\/\/www.lahteenaluonto.fi\/sv\/wp-json\/wp\/v2\/product\/195","targetHints":{"allow":["GET"]}}],"collection":[{"href":"https:\/\/www.lahteenaluonto.fi\/sv\/wp-json\/wp\/v2\/product"}],"about":[{"href":"https:\/\/www.lahteenaluonto.fi\/sv\/wp-json\/wp\/v2\/types\/product"}],"wp:featuredmedia":[{"embeddable":true,"href":"https:\/\/www.lahteenaluonto.fi\/sv\/wp-json\/wp\/v2\/media\/196"}],"wp:attachment":[{"href":"https:\/\/www.lahteenaluonto.fi\/sv\/wp-json\/wp\/v2\/media?parent=195"}],"wp:term":[{"taxonomy":"product_brand","embeddable":true,"href":"https:\/\/www.lahteenaluonto.fi\/sv\/wp-json\/wp\/v2\/product_brand?post=195"},{"taxonomy":"product_cat","embeddable":true,"href":"https:\/\/www.lahteenaluonto.fi\/sv\/wp-json\/wp\/v2\/product_cat?post=195"},{"taxonomy":"product_tag","embeddable":true,"href":"https:\/\/www.lahteenaluonto.fi\/sv\/wp-json\/wp\/v2\/product_tag?post=195"}],"curies":[{"name":"wp","href":"https:\/\/api.w.org\/{rel}","templated":true}]}}