{"id":191,"date":"2025-01-08T13:03:27","date_gmt":"2025-01-08T11:03:27","guid":{"rendered":"https:\/\/www.lahteenaluonto.fi\/wordpress\/?post_type=product&#038;p=191"},"modified":"2026-03-22T05:30:07","modified_gmt":"2026-03-22T03:30:07","slug":"mustikka-tyrni-lesitiini-200-g","status":"publish","type":"product","link":"https:\/\/www.lahteenaluonto.fi\/sv\/produkt\/mustikka-tyrni-lesitiini-200-g\/","title":{"rendered":"Mustikka, tyrni, lesitiini 200 g"},"content":{"rendered":"","protected":false},"excerpt":{"rendered":"<p class=\"translation-block\">L\u00e4hde Mustikka, tyrni, lesitiini \u2013 bra f\u00f6r magen inneh\u00e5ller bl\u00e5b\u00e4r, havtorn och sojalecitin f\u00f6r magens v\u00e4lbefinnande.<\/p>\n<p>Inneh\u00e5ller inga fyllmedel.<\/p>\n<p>En produkt med tre ingredienser f\u00f6r din mage. Sojalecitin, bl\u00e5b\u00e4r och havtorn skyddar och lugnar magen. De skyddar och st\u00e4rker magslemhinnan. Bl\u00e5b\u00e4r och havtorn \u00e4r ocks\u00e5 viktiga f\u00f6r v\u00e4lm\u00e5endet f\u00f6r dina \u00f6gon, hud och alla slemhinnor i kroppen.<\/p>\n<p>L\u00e4hde produkter har hela b\u00e4ren hackade \u2013 inklusive fr\u00f6na.<\/p>","protected":false},"featured_media":192,"template":"","meta":[],"product_brand":[],"product_cat":[20,22],"product_tag":[],"class_list":{"0":"post-191","1":"product","2":"type-product","3":"status-publish","4":"has-post-thumbnail","6":"product_cat-hyvaa-vatsallesi","7":"product_cat-marjajauheet","9":"entry","10":"has-media","12":"first","13":"instock","14":"taxable","15":"shipping-taxable","16":"purchasable","17":"product-type-simple","18":"col","19":"span_1_of_3","20":"owp-content-center","21":"owp-thumbs-layout-horizontal","22":"owp-btn-normal","23":"owp-tabs-layout-horizontal","24":"has-no-thumbnails"},"_links":{"self":[{"href":"https:\/\/www.lahteenaluonto.fi\/sv\/wp-json\/wp\/v2\/product\/191","targetHints":{"allow":["GET"]}}],"collection":[{"href":"https:\/\/www.lahteenaluonto.fi\/sv\/wp-json\/wp\/v2\/product"}],"about":[{"href":"https:\/\/www.lahteenaluonto.fi\/sv\/wp-json\/wp\/v2\/types\/product"}],"wp:featuredmedia":[{"embeddable":true,"href":"https:\/\/www.lahteenaluonto.fi\/sv\/wp-json\/wp\/v2\/media\/192"}],"wp:attachment":[{"href":"https:\/\/www.lahteenaluonto.fi\/sv\/wp-json\/wp\/v2\/media?parent=191"}],"wp:term":[{"taxonomy":"product_brand","embeddable":true,"href":"https:\/\/www.lahteenaluonto.fi\/sv\/wp-json\/wp\/v2\/product_brand?post=191"},{"taxonomy":"product_cat","embeddable":true,"href":"https:\/\/www.lahteenaluonto.fi\/sv\/wp-json\/wp\/v2\/product_cat?post=191"},{"taxonomy":"product_tag","embeddable":true,"href":"https:\/\/www.lahteenaluonto.fi\/sv\/wp-json\/wp\/v2\/product_tag?post=191"}],"curies":[{"name":"wp","href":"https:\/\/api.w.org\/{rel}","templated":true}]}}