{"id":189,"date":"2025-01-08T12:56:32","date_gmt":"2025-01-08T10:56:32","guid":{"rendered":"https:\/\/www.lahteenaluonto.fi\/wordpress\/?post_type=product&#038;p=189"},"modified":"2026-03-22T05:30:37","modified_gmt":"2026-03-22T03:30:37","slug":"mahtimarjat-200-g","status":"publish","type":"product","link":"https:\/\/www.lahteenaluonto.fi\/sv\/produkt\/mahtimarjat-200-g\/","title":{"rendered":"Mahtimarjat 200 g"},"content":{"rendered":"","protected":false},"excerpt":{"rendered":"<p><strong>L\u00e4hde Mahtimarjat\u00a0<\/strong>\u00e4r aronia- och havtornsb\u00e4rspulver f\u00f6r din kropps v\u00e4lbefinnande.<\/p>\n<p class=\"translation-block\">Aroniab\u00e4r inneh\u00e5ller mycket antioxidanter. Havtorn har m\u00e5nga f\u00f6rdelar bl.a. st\u00f6djer immunf\u00f6rsvaret, uppr\u00e4tth\u00e5ller frisk hud och \u00e5terfuktar slemhinnor.<\/p>\n<p>L\u00e4hde produkter har hela b\u00e4ren hackade \u2013 inklusive fr\u00f6na.<\/p>","protected":false},"featured_media":190,"template":"","meta":[],"product_brand":[],"product_cat":[21,22],"product_tag":[],"class_list":{"0":"post-189","1":"product","2":"type-product","3":"status-publish","4":"has-post-thumbnail","6":"product_cat-kehosi-hyvinvointiin","7":"product_cat-marjajauheet","9":"entry","10":"has-media","12":"first","13":"instock","14":"taxable","15":"shipping-taxable","16":"purchasable","17":"product-type-simple","18":"col","19":"span_1_of_3","20":"owp-content-center","21":"owp-thumbs-layout-horizontal","22":"owp-btn-normal","23":"owp-tabs-layout-horizontal","24":"has-no-thumbnails"},"_links":{"self":[{"href":"https:\/\/www.lahteenaluonto.fi\/sv\/wp-json\/wp\/v2\/product\/189","targetHints":{"allow":["GET"]}}],"collection":[{"href":"https:\/\/www.lahteenaluonto.fi\/sv\/wp-json\/wp\/v2\/product"}],"about":[{"href":"https:\/\/www.lahteenaluonto.fi\/sv\/wp-json\/wp\/v2\/types\/product"}],"wp:featuredmedia":[{"embeddable":true,"href":"https:\/\/www.lahteenaluonto.fi\/sv\/wp-json\/wp\/v2\/media\/190"}],"wp:attachment":[{"href":"https:\/\/www.lahteenaluonto.fi\/sv\/wp-json\/wp\/v2\/media?parent=189"}],"wp:term":[{"taxonomy":"product_brand","embeddable":true,"href":"https:\/\/www.lahteenaluonto.fi\/sv\/wp-json\/wp\/v2\/product_brand?post=189"},{"taxonomy":"product_cat","embeddable":true,"href":"https:\/\/www.lahteenaluonto.fi\/sv\/wp-json\/wp\/v2\/product_cat?post=189"},{"taxonomy":"product_tag","embeddable":true,"href":"https:\/\/www.lahteenaluonto.fi\/sv\/wp-json\/wp\/v2\/product_tag?post=189"}],"curies":[{"name":"wp","href":"https:\/\/api.w.org\/{rel}","templated":true}]}}