{"id":179,"date":"2025-01-08T12:28:06","date_gmt":"2025-01-08T10:28:06","guid":{"rendered":"https:\/\/www.lahteenaluonto.fi\/wordpress\/?post_type=product&#038;p=179"},"modified":"2026-03-11T16:06:07","modified_gmt":"2026-03-11T14:06:07","slug":"kollageenihyaluronihappo-200-g","status":"publish","type":"product","link":"https:\/\/www.lahteenaluonto.fi\/sv\/produkt\/kollageenihyaluronihappo-200-g\/","title":{"rendered":"Kollageeni+hyaluronihappo 200 g"},"content":{"rendered":"","protected":false},"excerpt":{"rendered":"<p class=\"translation-block\">L\u00e4hde Kollageeni+hyaluronihappo -kosttillskott f\u00f6r din hud kombinerar tre effektiva ingredienser: kollagen Peptan\u00ae, hyaluronsyra och nypon. Vitamin C, som finns rikligt i nypon, st\u00f6djer kroppens naturliga kollagenbildning.<\/p>\n<p>Passar \u00e4ven f\u00f6r dig med fiskallergi! L\u00e4hde Kollageeni+hyaluronihappo \u00e4r smakl\u00f6s.<\/p>","protected":false},"featured_media":180,"template":"","meta":[],"product_brand":[],"product_cat":[19],"product_tag":[],"class_list":{"0":"post-179","1":"product","2":"type-product","3":"status-publish","4":"has-post-thumbnail","6":"product_cat-elinvoimaa-ihollesi","8":"entry","9":"has-media","11":"first","12":"outofstock","13":"featured","14":"taxable","15":"shipping-taxable","16":"purchasable","17":"product-type-simple","18":"col","19":"span_1_of_3","20":"owp-content-center","21":"owp-thumbs-layout-horizontal","22":"owp-btn-normal","23":"owp-tabs-layout-horizontal","24":"has-no-thumbnails"},"_links":{"self":[{"href":"https:\/\/www.lahteenaluonto.fi\/sv\/wp-json\/wp\/v2\/product\/179","targetHints":{"allow":["GET"]}}],"collection":[{"href":"https:\/\/www.lahteenaluonto.fi\/sv\/wp-json\/wp\/v2\/product"}],"about":[{"href":"https:\/\/www.lahteenaluonto.fi\/sv\/wp-json\/wp\/v2\/types\/product"}],"wp:featuredmedia":[{"embeddable":true,"href":"https:\/\/www.lahteenaluonto.fi\/sv\/wp-json\/wp\/v2\/media\/180"}],"wp:attachment":[{"href":"https:\/\/www.lahteenaluonto.fi\/sv\/wp-json\/wp\/v2\/media?parent=179"}],"wp:term":[{"taxonomy":"product_brand","embeddable":true,"href":"https:\/\/www.lahteenaluonto.fi\/sv\/wp-json\/wp\/v2\/product_brand?post=179"},{"taxonomy":"product_cat","embeddable":true,"href":"https:\/\/www.lahteenaluonto.fi\/sv\/wp-json\/wp\/v2\/product_cat?post=179"},{"taxonomy":"product_tag","embeddable":true,"href":"https:\/\/www.lahteenaluonto.fi\/sv\/wp-json\/wp\/v2\/product_tag?post=179"}],"curies":[{"name":"wp","href":"https:\/\/api.w.org\/{rel}","templated":true}]}}