{"id":175,"date":"2025-01-08T12:21:41","date_gmt":"2025-01-08T10:21:41","guid":{"rendered":"https:\/\/www.lahteenaluonto.fi\/wordpress\/?post_type=product&#038;p=175"},"modified":"2025-02-02T17:51:37","modified_gmt":"2025-02-02T15:51:37","slug":"kollageeni-180-g","status":"publish","type":"product","link":"https:\/\/www.lahteenaluonto.fi\/sv\/produkt\/kollageeni-180-g\/","title":{"rendered":"Kollageeni 180 g"},"content":{"rendered":"","protected":false},"excerpt":{"rendered":"<p class=\"translation-block\">L\u00e4hde Kollageeni \u00e4r ett n\u00e4ringstillskott f\u00f6r din huds v\u00e4lbefinnande, 100% kollagen. Kollagen \u00e4r hydrolyserat kollagen typ I.<\/p>\n<p>Inneh\u00e5ller inga fyllmedel. Passar \u00e4ven f\u00f6r dig med fiskallergi! Smakl\u00f6s!<\/p>\n<p>Kollagen \u00e4r rikligt i huden, och det \u00e4r en av hudens viktiga byggstenar. Den h\u00e5ller huden elastisk, flexibel, fr\u00e4mjar dess f\u00f6rnyelse och sl\u00e4tar ut rynkor. Kollagen \u00e4r viktigt f\u00f6r v\u00e4lbefinnandet av hudens struktur. Kollagen \u00e4r en fantastisk produkt f\u00f6r hud, naglar och h\u00e5r. Kollagenproduktionen minskar n\u00e4r vi \u00e5ldras, vilket b\u00f6rjar runt 20-30 \u00e5rs \u00e5ldern. Detta kan ses till exempel i slapp hud och uppkomsten av rynkor. Men att ta kollagen som ett kosttillskott kan hj\u00e4lpa till att korrigera och bromsa dessa f\u00f6r\u00e4ndringar och hj\u00e4lpa huden att beh\u00e5lla sin fasthet och elasticitet.<\/p>","protected":false},"featured_media":176,"template":"","meta":[],"product_brand":[],"product_cat":[19],"product_tag":[],"class_list":{"0":"post-175","1":"product","2":"type-product","3":"status-publish","4":"has-post-thumbnail","6":"product_cat-elinvoimaa-ihollesi","8":"entry","9":"has-media","11":"first","12":"instock","13":"taxable","14":"shipping-taxable","15":"purchasable","16":"product-type-simple","17":"col","18":"span_1_of_3","19":"owp-content-center","20":"owp-thumbs-layout-horizontal","21":"owp-btn-normal","22":"owp-tabs-layout-horizontal","23":"has-no-thumbnails"},"_links":{"self":[{"href":"https:\/\/www.lahteenaluonto.fi\/sv\/wp-json\/wp\/v2\/product\/175","targetHints":{"allow":["GET"]}}],"collection":[{"href":"https:\/\/www.lahteenaluonto.fi\/sv\/wp-json\/wp\/v2\/product"}],"about":[{"href":"https:\/\/www.lahteenaluonto.fi\/sv\/wp-json\/wp\/v2\/types\/product"}],"wp:featuredmedia":[{"embeddable":true,"href":"https:\/\/www.lahteenaluonto.fi\/sv\/wp-json\/wp\/v2\/media\/176"}],"wp:attachment":[{"href":"https:\/\/www.lahteenaluonto.fi\/sv\/wp-json\/wp\/v2\/media?parent=175"}],"wp:term":[{"taxonomy":"product_brand","embeddable":true,"href":"https:\/\/www.lahteenaluonto.fi\/sv\/wp-json\/wp\/v2\/product_brand?post=175"},{"taxonomy":"product_cat","embeddable":true,"href":"https:\/\/www.lahteenaluonto.fi\/sv\/wp-json\/wp\/v2\/product_cat?post=175"},{"taxonomy":"product_tag","embeddable":true,"href":"https:\/\/www.lahteenaluonto.fi\/sv\/wp-json\/wp\/v2\/product_tag?post=175"}],"curies":[{"name":"wp","href":"https:\/\/api.w.org\/{rel}","templated":true}]}}