{"id":133,"date":"2025-01-07T13:04:20","date_gmt":"2025-01-07T11:04:20","guid":{"rendered":"https:\/\/www.lahteenaluonto.fi\/wordpress\/?post_type=product&#038;p=133"},"modified":"2026-03-22T05:31:15","modified_gmt":"2026-03-22T03:31:15","slug":"aineenvaihduntaan-200-g","status":"publish","type":"product","link":"https:\/\/www.lahteenaluonto.fi\/sv\/produkt\/aineenvaihduntaan-200-g\/","title":{"rendered":"Aineenvaihduntaan 200 g"},"content":{"rendered":"","protected":false},"excerpt":{"rendered":"<p><strong>L\u00e4hde Aineenvaihduntaan<\/strong> \u00e4r tranb\u00e4rs-, lingon- och ingef\u00e4rapulver f\u00f6r din kropps v\u00e4lbefinnande.<\/p>\n<p>Inneh\u00e5ller inga fyllmedel.<\/p>\n<p>Lis\u00e4\u00e4 vauhtia aineenvaihduntaasi luontaisesti. Inkiv\u00e4\u00e4ri auttaa tukemaan ruuansulatusta, edist\u00e4\u00e4 normaalia suoliston toimintaa ja kokonaisvaltaista hyvinvointia. Puolukka sis\u00e4lt\u00e4\u00e4 erityisesti mangaania (kivenn\u00e4isaine) ja anditoksidantteja. Mukana my\u00f6s huikea karpalo!<\/p>\n<p>L\u00e4hde produkter har hela b\u00e4ren hackade \u2013 inklusive fr\u00f6na.<\/p>","protected":false},"featured_media":134,"template":"","meta":[],"product_brand":[],"product_cat":[21,22],"product_tag":[],"class_list":{"0":"post-133","1":"product","2":"type-product","3":"status-publish","4":"has-post-thumbnail","6":"product_cat-kehosi-hyvinvointiin","7":"product_cat-marjajauheet","9":"entry","10":"has-media","12":"first","13":"instock","14":"featured","15":"taxable","16":"shipping-taxable","17":"purchasable","18":"product-type-simple","19":"col","20":"span_1_of_3","21":"owp-content-center","22":"owp-thumbs-layout-horizontal","23":"owp-btn-normal","24":"owp-tabs-layout-horizontal","25":"has-no-thumbnails"},"_links":{"self":[{"href":"https:\/\/www.lahteenaluonto.fi\/sv\/wp-json\/wp\/v2\/product\/133","targetHints":{"allow":["GET"]}}],"collection":[{"href":"https:\/\/www.lahteenaluonto.fi\/sv\/wp-json\/wp\/v2\/product"}],"about":[{"href":"https:\/\/www.lahteenaluonto.fi\/sv\/wp-json\/wp\/v2\/types\/product"}],"wp:featuredmedia":[{"embeddable":true,"href":"https:\/\/www.lahteenaluonto.fi\/sv\/wp-json\/wp\/v2\/media\/134"}],"wp:attachment":[{"href":"https:\/\/www.lahteenaluonto.fi\/sv\/wp-json\/wp\/v2\/media?parent=133"}],"wp:term":[{"taxonomy":"product_brand","embeddable":true,"href":"https:\/\/www.lahteenaluonto.fi\/sv\/wp-json\/wp\/v2\/product_brand?post=133"},{"taxonomy":"product_cat","embeddable":true,"href":"https:\/\/www.lahteenaluonto.fi\/sv\/wp-json\/wp\/v2\/product_cat?post=133"},{"taxonomy":"product_tag","embeddable":true,"href":"https:\/\/www.lahteenaluonto.fi\/sv\/wp-json\/wp\/v2\/product_tag?post=133"}],"curies":[{"name":"wp","href":"https:\/\/api.w.org\/{rel}","templated":true}]}}