{"id":3,"date":"2025-01-03T10:17:07","date_gmt":"2025-01-03T08:17:07","guid":{"rendered":"https:\/\/www.lahteenaluonto.fi\/wordpress\/?page_id=3"},"modified":"2025-01-13T15:07:54","modified_gmt":"2025-01-13T13:07:54","slug":"tietosuojaseloste","status":"publish","type":"page","link":"https:\/\/www.lahteenaluonto.fi\/sv\/tietosuojaseloste\/","title":{"rendered":"Integritetspolicy"},"content":{"rendered":"<div id=\"pl-gb3-69f4cd734ade7\"  class=\"panel-layout\" ><div id=\"pg-gb3-69f4cd734ade7-0\"  class=\"panel-grid panel-has-style\" ><div class=\"mleveys panel-row-style panel-row-style-for-gb3-69f4cd734ade7-0\" ><div id=\"pgc-gb3-69f4cd734ade7-0-0\"  class=\"panel-grid-cell\" ><div id=\"panel-gb3-69f4cd734ade7-0-0-0\" class=\"so-panel widget widget_text panel-first-child panel-last-child\" data-index=\"0\" >\t\t\t<div class=\"textwidget\"><p><em>Integritetspolicy i enlighet med EU:s allm\u00e4nna dataskyddsf\u00f6rordning.<\/em><em><br \/>\n<\/em><strong><br \/>\n1. Datakontrollant<\/strong><\/p>\n<p>L\u00e4hteen\u00e4 Luonto<br \/>\nLensulantie 468,\u00a054300 Lappeenranta<br \/>\nTel: +358 40 738 4198<br \/>\ninfo@lahteenaluonto.fi<br \/>\n<a href=\"https:\/\/www.jakke-lisaravinteet.fi\/\">https:\/\/www.lahteenaluonto.fi<\/a><\/p>\n<p><strong>2. Kontaktperson f\u00f6r \u00e4renden som r\u00f6r registret<\/strong><\/p>\n<p>Eija Eklund-Miettinen<br \/>\nTel: +358 40 738 4198<br \/>\n<a href=\"mailto:info@criollo.fi\">info@lahteenaluonto.fi<\/a><\/p>\n<p><strong>3. Registrera namn<\/strong><\/p>\n<p>L\u00e4hteen\u00e4 Luonto -kundregister.<\/p>\n<p><strong>4. Syfte med behandling av personuppgifter<\/strong><\/p>\n<p>Personuppgifter behandlas i syfte att hantera och analysera kundrelationer och andra relevanta relationer, tillhandah\u00e5lla tj\u00e4nster, utveckla och planera aff\u00e4rer samt f\u00f6r marknadsf\u00f6ring, distansf\u00f6rs\u00e4ljning, opinions- och marknadsunders\u00f6kningar samt kundkommunikation, som ocks\u00e5 kan genomf\u00f6ras elektroniskt och p\u00e5 ett riktat s\u00e4tt.<\/p>\n<p><strong>5. Datainneh\u00e5ll i registret<\/strong><\/p>\n<p>F\u00f6ljande uppgifter kan behandlas i kundregistret:<\/p>\n<ul>\n<li>F\u00f6r- och efternamn<\/li>\n<li>Adress<\/li>\n<li>Telefon<\/li>\n<li>E-post<\/li>\n<li>K\u00f6pta tj\u00e4nster och produkter<\/li>\n<\/ul>\n<p><strong>6.\u00a0<\/strong><strong>6. Regelbundna informationsk\u00e4llor<\/strong><\/p>\n<p>Kundregisteruppgifter erh\u00e5lls fr\u00e5n best\u00e4llningsformul\u00e4r onlinebutik.<\/p>\n<p><strong>7. Regelbundet utl\u00e4mnande av information<\/strong><\/p>\n<p>Inneh\u00e5llet i kundregistret kommer inte att avsl\u00f6jas utanf\u00f6r L\u00e4hteen\u00e4 Luonto.<\/p>\n<p><strong>8. \u00d6verf\u00f6ring av data utanf\u00f6r EU eller Europeiska ekonomiska samarbetsomr\u00e5det<\/strong><\/p>\n<p>Inneh\u00e5llet i kundregistret kommer inte att avsl\u00f6jas utanf\u00f6r L\u00e4hteen\u00e4 Luonto.<\/p>\n<p><strong>9. Principer f\u00f6r registerskydd<\/strong><\/p>\n<p>All information i registret lagras i datasystem som \u00e4r noggrant skyddade b\u00e5de online och fysiskt. Endast nyckelpersoner har tillg\u00e5ng till uppgifterna och visning av den kr\u00e4ver inloggning med anv\u00e4ndarnamn och l\u00f6senord.<\/p>\n<p><strong>10. Ut\u00f6vande av registrerades r\u00e4ttigheter<\/strong><\/p>\n<p>Den registrerade har r\u00e4tt att, enligt personuppgiftslagen, kontrollera vilka uppgifter om honom eller henne som har lagrats i registret.<\/p>\n<p>P\u00e5 beg\u00e4ran av den registrerade kommer n\u00f6dv\u00e4ndiga korrigeringar och till\u00e4gg till personuppgifter att g\u00f6ras, eller uppgifter som \u00e4r felaktiga, on\u00f6diga, ofullst\u00e4ndiga eller f\u00f6r\u00e5ldrade f\u00f6r behandlingens syfte kommer att raderas.<\/p>\n<p>Information kan kontrolleras och uppdateras genom att kontakta person som ansvarar f\u00f6r register\u00e4renden.<\/p>\n<\/div>\n\t\t<\/div><\/div><\/div><\/div><\/div>","protected":false},"excerpt":{"rendered":"<p>EU:n tietosuoja-asetuksen mukainen tietosuojaseloste. 1. Rekisterinpit\u00e4j\u00e4 L\u00e4hteen\u00e4 Luonto Lensulantie 468,\u00a054300 Lappeenranta Puh. +358 40 738 4198 info@lahteenaluonto.fi https:\/\/www.lahteenaluonto.fi 2. Yhteyshenkil\u00f6 rekisteri\u00e4 koskevissa asioissa Eija Eklund-Miettinen Puh. +358 40 738 4198 info@lahteenaluonto.fi 3. Rekisterin nimi L\u00e4hteen\u00e4 Luonto -asiakasrekisteri. 4. Henkil\u00f6tietojen k\u00e4sittelyn tarkoitus Henkil\u00f6tietoja k\u00e4sitell\u00e4\u00e4n asiakkuuden ja muuhun asialliseen yhteyteen liittyv\u00e4n suhteen hoitamiseen ja analysointiin, palveluiden tuottamiseen, [&hellip;]<\/p>","protected":false},"author":2,"featured_media":0,"parent":0,"menu_order":0,"comment_status":"closed","ping_status":"open","template":"","meta":{"footnotes":""},"class_list":["post-3","page","type-page","status-publish","hentry","entry","owp-thumbs-layout-horizontal","owp-btn-normal","owp-tabs-layout-horizontal","has-no-thumbnails"],"_links":{"self":[{"href":"https:\/\/www.lahteenaluonto.fi\/sv\/wp-json\/wp\/v2\/pages\/3","targetHints":{"allow":["GET"]}}],"collection":[{"href":"https:\/\/www.lahteenaluonto.fi\/sv\/wp-json\/wp\/v2\/pages"}],"about":[{"href":"https:\/\/www.lahteenaluonto.fi\/sv\/wp-json\/wp\/v2\/types\/page"}],"author":[{"embeddable":true,"href":"https:\/\/www.lahteenaluonto.fi\/sv\/wp-json\/wp\/v2\/users\/2"}],"replies":[{"embeddable":true,"href":"https:\/\/www.lahteenaluonto.fi\/sv\/wp-json\/wp\/v2\/comments?post=3"}],"version-history":[{"count":1,"href":"https:\/\/www.lahteenaluonto.fi\/sv\/wp-json\/wp\/v2\/pages\/3\/revisions"}],"predecessor-version":[{"id":402,"href":"https:\/\/www.lahteenaluonto.fi\/sv\/wp-json\/wp\/v2\/pages\/3\/revisions\/402"}],"wp:attachment":[{"href":"https:\/\/www.lahteenaluonto.fi\/sv\/wp-json\/wp\/v2\/media?parent=3"}],"curies":[{"name":"wp","href":"https:\/\/api.w.org\/{rel}","templated":true}]}}