{"id":282,"date":"2025-01-10T12:34:56","date_gmt":"2025-01-10T10:34:56","guid":{"rendered":"https:\/\/www.lahteenaluonto.fi\/wordpress\/?page_id=282"},"modified":"2026-03-11T13:04:45","modified_gmt":"2026-03-11T11:04:45","slug":"jalleenmyyjat","status":"publish","type":"page","link":"https:\/\/www.lahteenaluonto.fi\/sv\/jalleenmyyjat\/","title":{"rendered":"\u00c5terf\u00f6rs\u00e4ljare"},"content":{"rendered":"<div id=\"pl-gb282-69f4cd7f24bbd\"  class=\"panel-layout\" ><div id=\"pg-gb282-69f4cd7f24bbd-0\"  class=\"panel-grid panel-has-style\" ><div class=\"mleveys panel-row-style panel-row-style-for-gb282-69f4cd7f24bbd-0\" ><div id=\"pgc-gb282-69f4cd7f24bbd-0-0\"  class=\"panel-grid-cell\" ><div id=\"panel-gb282-69f4cd7f24bbd-0-0-0\" class=\"so-panel widget widget_sow-headline panel-first-child\" data-index=\"0\" ><div\n\t\t\t\n\t\t\tclass=\"so-widget-sow-headline so-widget-sow-headline-default-85ea4ac10cbf-282\"\n\t\t\t\n\t\t><div class=\"sow-headline-container\">\n\t\t\t\t\t\t\t<h2 class=\"sow-headline\">\n\t\t\t\t\t\t\u00c5terf\u00f6rs\u00e4ljare\t\t\t\t\t\t<\/h2>\n\t\t\t\t\t\t<\/div>\n<\/div><\/div><div id=\"panel-gb282-69f4cd7f24bbd-0-0-1\" class=\"so-panel widget widget_text panel-last-child\" data-index=\"1\" >\t\t\t<div class=\"textwidget\"><p><strong>L\u00e4hteen\u00e4 Luonto<\/strong>, tillverkare, inklusive f\u00f6rs\u00e4ljning (kontakter via telefon eller e-post)<strong><br \/>\n<\/strong>LAPPEENRANTA<br \/>\nTel. +358 40 738 4198<br \/>\n<a href=\"mailto:info@lahteenaluonto.fi\">info@lahteenaluonto.fi<\/a><\/p>\n<p><strong>K\u00e4rkk\u00e4inen Web Oy<br \/>\n<\/strong><strong><a href=\"http:\/\/www.karkkainen.com\/\">www.karkkainen.com<\/a>\u00a0<\/strong><\/p>\n<p><strong>Pulsan Asema<br \/>\n<\/strong>Pulsan Aseman\u00a0tie 21<br \/>\n54390\u00a0 PULSA<br \/>\nTel. 040 \u2013 595 0093<br \/>\n<a href=\"mailto:info@pulsanasema.fi\">info@pulsanasema.fi<\/a><\/p>\n<p><strong>K-Supermarket Rakuuna<br \/>\n<\/strong>Sammonkatu 5<br \/>\n53100\u00a0 LAPPEENRANTA<br \/>\nTel. 05 \u2013 4609 9100<\/p>\n<p><strong>Ravinto ja hyvinvointi Pauliina Koivisto<br \/>\n<\/strong>Pajuniementie 1<br \/>\n44920 PENINKI<br \/>\nTel. 040 - 134 1878<br \/>\n<a href=\"mailto:info@pauliinakoivisto.fi\">info@pauliinakoivisto.fi<\/a><\/p>\n<p><strong>El\u00e4mys Hyvinvointipalvelut<br \/>\n<\/strong>Laurinkatu 56<br \/>\n08100 LOHJA<br \/>\nTel. 045 \u2013 105 6906<br \/>\n<a href=\"mailto:elamys@elamyshyvinvointi.fi\">elamys@elamyshyvinvointi.fi<\/a><\/p>\n<p><strong>4Organic Store\/ Tmi Luomukaista<\/strong><br \/>\nLiimam\u00e4entie 1<br \/>\n03600 KARKKILA<br \/>\nTel. 050 \u2013 362 2655<br \/>\n<a href=\"mailto:luomukaista@gmail.com\">luomukaista@gmail.com<\/a><\/p>\n<p><strong>Harmonia Spa<br \/>\n<\/strong>H\u00e4meenkyl\u00e4n kartano<br \/>\nTavastkullantie 9<br \/>\n01630 VANTAA<br \/>\n<a href=\"http:\/\/www.harmoniaspa.fi\/\">www.harmoniaspa.fi<\/a><\/p>\n<p><strong>Siskonpeti hoitola<\/strong><br \/>\nCaloniuksenkatu 7 A 2<br \/>\n00100 Helsinki<br \/>\nPuh. 040 635 0259<br \/>\n<a title=\"mailto:siskonpeti@siskokullat.com\" href=\"mailto:siskonpeti@siskokullat.com\" data-linkindex=\"0\">siskonpeti@siskokullat.com<\/a><\/p>\n<p>&nbsp;<\/p>\n<\/div>\n\t\t<\/div><\/div><\/div><\/div><\/div>","protected":false},"excerpt":{"rendered":"<p>L\u00e4hteen\u00e4 Luonto,\u00a0valmistaja, my\u00f6s myynti (yhteydenotot puhelimitse tai s\u00e4hk\u00f6postitse) LAPPEENRANTA Puh. 040 \u2013 738 4198 info@lahteenaluonto.fi K\u00e4rkk\u00e4inen Web Oy www.karkkainen.com\u00a0 Pulsan Asema Pulsan Aseman\u00a0tie 21 54390\u00a0 PULSA Puh. 040 &#8211; 595 0093 info@pulsanasema.fi K-Supermarket Rakuuna Sammonkatu 5 53100\u00a0 LAPPEENRANTA Puh. 05 &#8211; 4609 9100 Ravinto ja hyvinvointi Pauliina Koivisto Pajuniementie 1 44920 PENINKI Puh. 0401341878 info@pauliinakoivisto.fi [&hellip;]<\/p>","protected":false},"author":2,"featured_media":0,"parent":0,"menu_order":0,"comment_status":"closed","ping_status":"closed","template":"","meta":{"footnotes":""},"class_list":["post-282","page","type-page","status-publish","hentry","entry","owp-thumbs-layout-horizontal","owp-btn-normal","owp-tabs-layout-horizontal","has-no-thumbnails"],"_links":{"self":[{"href":"https:\/\/www.lahteenaluonto.fi\/sv\/wp-json\/wp\/v2\/pages\/282","targetHints":{"allow":["GET"]}}],"collection":[{"href":"https:\/\/www.lahteenaluonto.fi\/sv\/wp-json\/wp\/v2\/pages"}],"about":[{"href":"https:\/\/www.lahteenaluonto.fi\/sv\/wp-json\/wp\/v2\/types\/page"}],"author":[{"embeddable":true,"href":"https:\/\/www.lahteenaluonto.fi\/sv\/wp-json\/wp\/v2\/users\/2"}],"replies":[{"embeddable":true,"href":"https:\/\/www.lahteenaluonto.fi\/sv\/wp-json\/wp\/v2\/comments?post=282"}],"version-history":[{"count":4,"href":"https:\/\/www.lahteenaluonto.fi\/sv\/wp-json\/wp\/v2\/pages\/282\/revisions"}],"predecessor-version":[{"id":576,"href":"https:\/\/www.lahteenaluonto.fi\/sv\/wp-json\/wp\/v2\/pages\/282\/revisions\/576"}],"wp:attachment":[{"href":"https:\/\/www.lahteenaluonto.fi\/sv\/wp-json\/wp\/v2\/media?parent=282"}],"curies":[{"name":"wp","href":"https:\/\/api.w.org\/{rel}","templated":true}]}}