{"id":24,"date":"2025-01-03T10:43:58","date_gmt":"2025-01-03T08:43:58","guid":{"rendered":"https:\/\/www.lahteenaluonto.fi\/wordpress\/?page_id=24"},"modified":"2025-01-27T12:43:28","modified_gmt":"2025-01-27T10:43:28","slug":"tietoa-meista","status":"publish","type":"page","link":"https:\/\/www.lahteenaluonto.fi\/sv\/tietoa-meista\/","title":{"rendered":"Information om oss"},"content":{"rendered":"<div id=\"pl-gb24-69f4d03c57b42\"  class=\"panel-layout\" ><div id=\"pg-gb24-69f4d03c57b42-0\"  class=\"panel-grid panel-has-style\" ><div class=\"mleveys panel-row-style panel-row-style-for-gb24-69f4d03c57b42-0\" ><div id=\"pgc-gb24-69f4d03c57b42-0-0\"  class=\"panel-grid-cell\" ><div id=\"panel-gb24-69f4d03c57b42-0-0-0\" class=\"so-panel widget widget_sow-headline panel-first-child\" data-index=\"0\" ><div\n\t\t\t\n\t\t\tclass=\"so-widget-sow-headline so-widget-sow-headline-default-3ac3da29e399-24\"\n\t\t\t\n\t\t><div class=\"sow-headline-container\">\n\t\t\t\t\t\t\t<h2 class=\"sow-headline\">\n\t\t\t\t\t\tVilka \u00e4r vi?\t\t\t\t\t\t<\/h2>\n\t\t\t\t\t\t<\/div>\n<\/div><\/div><div id=\"panel-gb24-69f4d03c57b42-0-0-1\" class=\"so-panel widget widget_text panel-last-child\" data-index=\"1\" >\t\t\t<div class=\"textwidget\"><p>Hej!<\/p>\n<p class=\"translation-block\">Vi \u00e4r ett familjef\u00f6retag fr\u00e5n s\u00f6dra Karelen som fr\u00e4mst drivs av mor-dotter-duon Eija &amp; Mira. Vi ville skapa h\u00f6gkvalitativa, naturliga, inhemska och tillsatsfria n\u00e4ringstillskott och b\u00e4rpulver, och vi tror att vi uppn\u00e5dde v\u00e5ra m\u00e5l, men ni, kunderna, kommer att ber\u00e4tta det slutliga resultatet. Vi har anv\u00e4nt v\u00e5ra produkter sj\u00e4lva i flera \u00e5r och har funnit att de fungerar, varf\u00f6r vi ville g\u00f6ra dem tillg\u00e4ngliga f\u00f6r andra. S\u00e5 f\u00f6ddes produktnamnet L\u00e4hde Pomon boosteri, som \u00e4r v\u00e5r mammas favoritprodukt!<\/p>\n<p>Vi har producerat L\u00e4hde n\u00e4ringstillskott och b\u00e4rpulverblandningar sedan 2021.<\/p>\n<\/div>\n\t\t<\/div><\/div><\/div><\/div><div id=\"pg-gb24-69f4d03c57b42-1\"  class=\"panel-grid panel-has-style\" ><div class=\"panel-row-style panel-row-style-for-gb24-69f4d03c57b42-1\" ><div id=\"pgc-gb24-69f4d03c57b42-1-0\"  class=\"panel-grid-cell\" ><div id=\"panel-gb24-69f4d03c57b42-1-0-0\" class=\"so-panel widget widget_sow-image panel-first-child panel-last-child\" data-index=\"2\" ><div\n\t\t\t\n\t\t\tclass=\"so-widget-sow-image so-widget-sow-image-default-8b5b6f678277-24\"\n\t\t\t\n\t\t>\n\n<div class=\"sow-image-container\">\n\t\t<img loading=\"lazy\" decoding=\"async\" src=\"https:\/\/www.lahteenaluonto.fi\/wordpress\/wp-content\/uploads\/2025\/01\/mira_puu.png\" width=\"1080\" height=\"1080\" srcset=\"https:\/\/www.lahteenaluonto.fi\/wordpress\/wp-content\/uploads\/2025\/01\/mira_puu.png 1080w, https:\/\/www.lahteenaluonto.fi\/wordpress\/wp-content\/uploads\/2025\/01\/mira_puu-300x300.png 300w, https:\/\/www.lahteenaluonto.fi\/wordpress\/wp-content\/uploads\/2025\/01\/mira_puu-1024x1024.png 1024w, https:\/\/www.lahteenaluonto.fi\/wordpress\/wp-content\/uploads\/2025\/01\/mira_puu-150x150.png 150w, https:\/\/www.lahteenaluonto.fi\/wordpress\/wp-content\/uploads\/2025\/01\/mira_puu-768x768.png 768w, https:\/\/www.lahteenaluonto.fi\/wordpress\/wp-content\/uploads\/2025\/01\/mira_puu-600x600.png 600w, https:\/\/www.lahteenaluonto.fi\/wordpress\/wp-content\/uploads\/2025\/01\/mira_puu-100x100.png 100w\" sizes=\"auto, (max-width: 1080px) 100vw, 1080px\" alt=\"\" \t\tclass=\"so-widget-image\"\/>\n\t<\/div>\n\n<\/div><\/div><\/div><div id=\"pgc-gb24-69f4d03c57b42-1-1\"  class=\"panel-grid-cell\" ><div id=\"panel-gb24-69f4d03c57b42-1-1-0\" class=\"so-panel widget widget_sow-image panel-first-child panel-last-child\" data-index=\"3\" ><div\n\t\t\t\n\t\t\tclass=\"so-widget-sow-image so-widget-sow-image-default-8b5b6f678277-24\"\n\t\t\t\n\t\t>\n\n<div class=\"sow-image-container\">\n\t\t<img loading=\"lazy\" decoding=\"async\" src=\"https:\/\/www.lahteenaluonto.fi\/wordpress\/wp-content\/uploads\/2025\/01\/aineenvaihdunta_puu.png\" width=\"1080\" height=\"1080\" srcset=\"https:\/\/www.lahteenaluonto.fi\/wordpress\/wp-content\/uploads\/2025\/01\/aineenvaihdunta_puu.png 1080w, https:\/\/www.lahteenaluonto.fi\/wordpress\/wp-content\/uploads\/2025\/01\/aineenvaihdunta_puu-300x300.png 300w, https:\/\/www.lahteenaluonto.fi\/wordpress\/wp-content\/uploads\/2025\/01\/aineenvaihdunta_puu-1024x1024.png 1024w, https:\/\/www.lahteenaluonto.fi\/wordpress\/wp-content\/uploads\/2025\/01\/aineenvaihdunta_puu-150x150.png 150w, https:\/\/www.lahteenaluonto.fi\/wordpress\/wp-content\/uploads\/2025\/01\/aineenvaihdunta_puu-768x768.png 768w, https:\/\/www.lahteenaluonto.fi\/wordpress\/wp-content\/uploads\/2025\/01\/aineenvaihdunta_puu-600x600.png 600w, https:\/\/www.lahteenaluonto.fi\/wordpress\/wp-content\/uploads\/2025\/01\/aineenvaihdunta_puu-100x100.png 100w\" sizes=\"auto, (max-width: 1080px) 100vw, 1080px\" alt=\"\" \t\tclass=\"so-widget-image\"\/>\n\t<\/div>\n\n<\/div><\/div><\/div><\/div><\/div><\/div>","protected":false},"excerpt":{"rendered":"<p>Hei! Olemme perheyritys Etel\u00e4-Karjalasta, jonka taustalla py\u00f6rii l\u00e4hinn\u00e4 \u00e4iti-tyt\u00e4r-duo Eija &amp; Mira. Halusimme luoda laadukkaat, luonnolliset, kotimaiset ja lis\u00e4aineettomat ravintolis\u00e4t ja marjajauheet ja uskomme, ett\u00e4 p\u00e4\u00e4simme tavoitteisiimme, mutta te asiakkaat saatte kertoa lopullisen tuloksen. Olemme itse k\u00e4ytt\u00e4neet tuotteitamme jo useamman vuoden ajan ja todenneet ne toimiviksi ja siksi halusimme tuoda ne my\u00f6s muiden saataville. T\u00e4st\u00e4 [&hellip;]<\/p>","protected":false},"author":2,"featured_media":0,"parent":0,"menu_order":0,"comment_status":"closed","ping_status":"closed","template":"","meta":{"footnotes":""},"class_list":["post-24","page","type-page","status-publish","hentry","entry","owp-thumbs-layout-horizontal","owp-btn-normal","owp-tabs-layout-horizontal","has-no-thumbnails"],"_links":{"self":[{"href":"https:\/\/www.lahteenaluonto.fi\/sv\/wp-json\/wp\/v2\/pages\/24","targetHints":{"allow":["GET"]}}],"collection":[{"href":"https:\/\/www.lahteenaluonto.fi\/sv\/wp-json\/wp\/v2\/pages"}],"about":[{"href":"https:\/\/www.lahteenaluonto.fi\/sv\/wp-json\/wp\/v2\/types\/page"}],"author":[{"embeddable":true,"href":"https:\/\/www.lahteenaluonto.fi\/sv\/wp-json\/wp\/v2\/users\/2"}],"replies":[{"embeddable":true,"href":"https:\/\/www.lahteenaluonto.fi\/sv\/wp-json\/wp\/v2\/comments?post=24"}],"version-history":[{"count":11,"href":"https:\/\/www.lahteenaluonto.fi\/sv\/wp-json\/wp\/v2\/pages\/24\/revisions"}],"predecessor-version":[{"id":458,"href":"https:\/\/www.lahteenaluonto.fi\/sv\/wp-json\/wp\/v2\/pages\/24\/revisions\/458"}],"wp:attachment":[{"href":"https:\/\/www.lahteenaluonto.fi\/sv\/wp-json\/wp\/v2\/media?parent=24"}],"curies":[{"name":"wp","href":"https:\/\/api.w.org\/{rel}","templated":true}]}}