{"id":11,"date":"2025-01-10T12:38:18","date_gmt":"2025-01-10T10:38:18","guid":{"rendered":"https:\/\/www.lahteenaluonto.fi\/wordpress\/?page_id=11"},"modified":"2025-01-13T15:16:35","modified_gmt":"2025-01-13T13:16:35","slug":"toimitusehdot","status":"publish","type":"page","link":"https:\/\/www.lahteenaluonto.fi\/sv\/toimitusehdot\/","title":{"rendered":"Leveransvillkor"},"content":{"rendered":"<div id=\"pl-gb11-69f4cc4a80358\"  class=\"panel-layout\" ><div id=\"pg-gb11-69f4cc4a80358-0\"  class=\"panel-grid panel-has-style\" ><div class=\"mleveys panel-row-style panel-row-style-for-gb11-69f4cc4a80358-0\" ><div id=\"pgc-gb11-69f4cc4a80358-0-0\"  class=\"panel-grid-cell\" ><div id=\"panel-gb11-69f4cc4a80358-0-0-0\" class=\"so-panel widget widget_sow-headline panel-first-child\" data-index=\"0\" ><div\n\t\t\t\n\t\t\tclass=\"so-widget-sow-headline so-widget-sow-headline-default-85ea4ac10cbf-11\"\n\t\t\t\n\t\t><div class=\"sow-headline-container\">\n\t\t\t\t\t\t\t<h2 class=\"sow-headline\">\n\t\t\t\t\t\tLeveransvillkor\t\t\t\t\t\t<\/h2>\n\t\t\t\t\t\t<\/div>\n<\/div><\/div><div id=\"panel-gb11-69f4cc4a80358-0-0-1\" class=\"so-panel widget widget_text panel-last-child\" data-index=\"1\" >\t\t\t<div class=\"textwidget\"><p><strong>LEVERANSVILLKOR OCH METODER<\/strong><\/p>\n<p>Vi levererar vanligtvis de produkter du best\u00e4llt inom 1-14 arbetsdagar efter din best\u00e4llning. Vi levererar best\u00e4llda och betalda produkter via webbutiken via Posti.<\/p>\n<p>&nbsp;<\/p>\n<p><strong>FRAKTKOSTNADER inkl. MOMS<\/strong><\/p>\n<p><strong>K\u00f6p \u00f6ver \u20ac50,00 till Finland utan fraktkostnader<br \/>\n<\/strong><strong>Paket \u00f6ver 22 kg levereras som frakt (i f\u00f6rekommande fall f\u00f6retags-ID f\u00f6r best\u00e4llningen)<\/strong><\/p>\n<p><strong>Finland<br \/>\n<\/strong>800 g\u00a0 \u00a0 \u00a0 \u00a0 6,90 \u20ac<br \/>\n1,7 kg\u00a0 \u00a0 \u00a0 \u00a07,90 \u20ac<br \/>\n4,5 kg\u00a0 \u00a0 \u00a0 \u00a09,50 \u20ac<br \/>\n9 kg\u00a0 \u00a0 \u00a0 \u00a0 \u00a0 11,00 \u20ac<br \/>\n13 kg\u00a0 \u00a0 \u00a0 \u00a0 12,90 \u20ac<br \/>\n19 kg\u00a0 \u00a0 \u00a0 \u00a0 14,90 \u20ac<br \/>\n22 kg\u00a0 \u00a0 \u00a0 \u00a0 17,00 \u20ac<\/p>\n<p><strong>Estland, Lettland, Litauen (k\u00f6p \u00f6ver 100 \u20ac utan fraktkostnader)<br \/>\n<\/strong>1 kg\u00a0 \u00a0 \u00a0 \u00a0 \u00a09,50 \u20ac<br \/>\n2 kg\u00a0 \u00a0 \u00a0 \u00a0 \u00a010,50 \u20ac<br \/>\n3 kg\u00a0 \u00a0 \u00a0 \u00a0 \u00a012,00 \u20ac<br \/>\n5 kg\u00a0 \u00a0 \u00a0 \u00a0 \u00a013,00 \u20ac<br \/>\n10 kg\u00a0 \u00a0 \u00a0 \u00a014,50 \u20ac<br \/>\n15 kg\u00a0 \u00a0 \u00a0 \u00a016,00 \u20ac<br \/>\n20 kg\u00a0 \u00a0 \u00a0 \u00a021,00 \u20ac<br \/>\n25 kg\u00a0 \u00a0 \u00a0 \u00a026,00 \u20ac<br \/>\n27 kg\u00a0 \u00a0 \u00a0 \u00a034,00 \u20ac<\/p>\n<p><strong>Nederl\u00e4nderna, Belgien, Luxemburg, Sverige, Tyskland, Danmark<br \/>\n<\/strong>1 kg\u00a0 \u00a0 \u00a0 \u00a0 \u00a017,00 \u20ac<br \/>\n2 kg\u00a0 \u00a0 \u00a0 \u00a0 \u00a019,00 \u20ac<br \/>\n3 kg\u00a0 \u00a0 \u00a0 \u00a0 \u00a021,00 \u20ac<br \/>\n5 kg\u00a0 \u00a0 \u00a0 \u00a0 \u00a023,00 \u20ac<br \/>\n10 kg\u00a0 \u00a0 \u00a0 \u00a031,00 \u20ac<br \/>\n15 kg\u00a0 \u00a0 \u00a0 \u00a038,50 \u20ac<br \/>\n20 kg\u00a0 \u00a0 \u00a0 \u00a046,00 \u20ac<br \/>\n25 kg\u00a0 \u00a0 \u00a0 \u00a053,00 \u20ac<br \/>\n27 kg\u00a0 \u00a0 \u00a0 \u00a061,00 \u20ac<\/p>\n<p><strong>Spanien, Storbritannien, Irland, Italien, \u00d6sterrike, Grekland, Malta, Monaco, Portugal, Polen, Frankrike, Rum\u00e4nien, Slovakien, Slovenien, Tjeckien, Ungern<br \/>\n<\/strong>1 kg\u00a0 \u00a0 \u00a0 \u00a0 \u00a023,00 \u20ac<br \/>\n2 kg\u00a0 \u00a0 \u00a0 \u00a0 \u00a026,50 \u20ac<br \/>\n3 kg\u00a0 \u00a0 \u00a0 \u00a0 \u00a030,00 \u20ac<br \/>\n5 kg\u00a0 \u00a0 \u00a0 \u00a0 \u00a037,00 \u20ac<br \/>\n10 kg\u00a0 \u00a0 \u00a0 \u00a054,00 \u20ac<br \/>\n15 kg\u00a0 \u00a0 \u00a0 \u00a071,00 \u20ac<br \/>\n20 kg\u00a0 \u00a0 \u00a0 \u00a088,00 \u20ac<br \/>\n25 kg\u00a0 \u00a0 \u00a0 \u00a0105,00 \u20ac<br \/>\n27 kg\u00a0 \u00a0 \u00a0 \u00a0122,00 \u20ac<\/p>\n<p><strong>USA, Island, Kanada, Kanarie\u00f6arna, Liechtenstein, Norge, Schweiz, Ryssland<br \/>\n<\/strong>1 kg\u00a0 \u00a0 \u00a0 \u00a0 \u00a030,00 \u20ac<br \/>\n2 kg\u00a0 \u00a0 \u00a0 \u00a0 \u00a035,00 \u20ac<br \/>\n3 kg\u00a0 \u00a0 \u00a0 \u00a0 \u00a039,50 \u20ac<br \/>\n5 kg\u00a0 \u00a0 \u00a0 \u00a0 \u00a049,00 \u20ac<br \/>\n10 kg\u00a0 \u00a0 \u00a0 \u00a073,00 \u20ac<br \/>\n15 kg\u00a0 \u00a0 \u00a0 \u00a097,00 \u20ac<br \/>\n20 kg\u00a0 \u00a0 \u00a0 \u00a0120,00 \u20ac<br \/>\n25 kg\u00a0 \u00a0 \u00a0 \u00a0144,00 \u20ac<br \/>\n27 kg\u00a0 \u00a0 \u00a0 \u00a0168,00 \u20ac<\/p>\n<p>&nbsp;<\/p>\n<p><strong>BETALNINGSMETODER<\/strong><\/p>\n<p><strong>Betalningar med Visa, Visa Electron eller MasterCard<\/strong><br \/>\nPaytrail Oyj (2122839-7) verkar som leverant\u00f6r av betalningsf\u00f6rmedlare i samarbete med finl\u00e4ndska banker och kreditinstitut. F\u00f6r betalningar gjorda med Visa-, Visa Electron- eller MasterCard-kort visas Paytrail Oyj som mottagare av betalningen p\u00e5 kortfakturan och vidarebefordrar betalningen till handlaren. Paytrail Oyj har en betalningsinstitutionslicen<\/p>\n<p>Paytrail Oyj, f\u00f6retags-ID: 2122839-7<br \/>\nInnova 2<br \/>\nLutakonaukio 7<br \/>\n40100 Jyv\u00e4skyl\u00e4<br \/>\nTelefon: 0207 181830<\/p>\n<p><strong>N\u00e4tbanker<\/strong><br \/>\nBetalningsf\u00f6rmedlingstj\u00e4nsten f\u00f6r betalningar via internet implementeras av Paytrail Oyj (2122839-7) i samarbete med finl\u00e4ndska banker och kreditinstitut. Ur anv\u00e4ndarens perspektiv fungerar tj\u00e4nsten precis som traditionella onlinebetalningar.<\/p>\n<p>&nbsp;<\/p>\n<p><strong>R\u00c4TT TILL BYTE OCH RETUR<\/strong><\/p>\n<p>Produkterna du best\u00e4ller har 14 dagars bytes- och returr\u00e4tt. \u00c5ngerr\u00e4tten g\u00e4ller endast oanv\u00e4nda, o\u00f6ppnade, s\u00e4ljbara produkter. Skicka \u00e4ven fraktlistan f\u00f6r din best\u00e4llning och kontonumret till vilket returbetalningen kan g\u00f6ras med paketet.<\/p>\n<p>F\u00f6r internationella best\u00e4llningar \u00e5terbetalas fraktkostnader endast om den levererade produkten \u00e4r felaktig eller defekt, annars st\u00e5r kunden f\u00f6r fraktkostnaderna.<\/p>\n<p><strong>Vid byte eller retur, v\u00e4nligen kontakta oss f\u00f6rst.<\/strong><br \/>\ntel: +358 40 738 4198<br \/>\ne-mail:\u00a0<a href=\"mailto:info@lahteenaluonto.fi\">info@lahteenaluonto.fi<\/a><\/p>\n<p>Vi f\u00f6rbeh\u00e5ller oss r\u00e4tten att annullera en best\u00e4llning p\u00e5 grund av ett fel, s\u00e5som ett typografiskt fel eller tekniska problem.<\/p>\n<p>&nbsp;<\/p>\n<p><strong>KONTAKTINFORMATION<\/strong><\/p>\n<p><strong>L\u00e4hteen\u00e4 Luonto<br \/>\n<\/strong>Lensulantie 468, FI-54300 Lappeenranta<br \/>\nTel. +358 40 738 4198 (vardagar 9-16), +358 40 744 6384 (vardagar 11-16)<br \/>\n<a href=\"mailto:info@lahteenaluonto.fi\">info@lahteenaluonto.fi<\/a><\/p>\n<p>&nbsp;<\/p>\n<\/div>\n\t\t<\/div><\/div><\/div><\/div><\/div>","protected":false},"excerpt":{"rendered":"<p>TOIMITUSEHDOT JA -TAVAT Toimitamme tilaamasi tuotteet tavallisesti 1-14 ty\u00f6p\u00e4iv\u00e4n kuluessa tilauksestasi. Verkkokaupan kautta tilatut ja maksetut tuotteet toimitamme Postin kautta. &nbsp; TOIMITUSKULUT sis. alv Yli 50,00 \u20ac ostokset Suomeen ilman toimituskuluja Yli 22 kg:n paketit toimitetaan rahtina (y-tunnus tilaukseen, jos sellainen on) Suomi 800 g\u00a0 \u00a0 \u00a0 \u00a0 6,90 \u20ac 1,7 kg\u00a0 \u00a0 \u00a0 \u00a07,90 [&hellip;]<\/p>","protected":false},"author":2,"featured_media":0,"parent":0,"menu_order":0,"comment_status":"closed","ping_status":"closed","template":"","meta":{"footnotes":""},"class_list":["post-11","page","type-page","status-publish","hentry","entry","owp-thumbs-layout-horizontal","owp-btn-normal","owp-tabs-layout-horizontal","has-no-thumbnails"],"_links":{"self":[{"href":"https:\/\/www.lahteenaluonto.fi\/sv\/wp-json\/wp\/v2\/pages\/11","targetHints":{"allow":["GET"]}}],"collection":[{"href":"https:\/\/www.lahteenaluonto.fi\/sv\/wp-json\/wp\/v2\/pages"}],"about":[{"href":"https:\/\/www.lahteenaluonto.fi\/sv\/wp-json\/wp\/v2\/types\/page"}],"author":[{"embeddable":true,"href":"https:\/\/www.lahteenaluonto.fi\/sv\/wp-json\/wp\/v2\/users\/2"}],"replies":[{"embeddable":true,"href":"https:\/\/www.lahteenaluonto.fi\/sv\/wp-json\/wp\/v2\/comments?post=11"}],"version-history":[{"count":9,"href":"https:\/\/www.lahteenaluonto.fi\/sv\/wp-json\/wp\/v2\/pages\/11\/revisions"}],"predecessor-version":[{"id":409,"href":"https:\/\/www.lahteenaluonto.fi\/sv\/wp-json\/wp\/v2\/pages\/11\/revisions\/409"}],"wp:attachment":[{"href":"https:\/\/www.lahteenaluonto.fi\/sv\/wp-json\/wp\/v2\/media?parent=11"}],"curies":[{"name":"wp","href":"https:\/\/api.w.org\/{rel}","templated":true}]}}